{"id":3969,"date":"2022-09-22T14:43:45","date_gmt":"2022-09-22T12:43:45","guid":{"rendered":"https:\/\/vsg.yourconsulting.best\/?page_id=3969"},"modified":"2022-09-22T14:50:28","modified_gmt":"2022-09-22T12:50:28","slug":"eine-durch-und-durch-italienische-erzaehlung","status":"publish","type":"page","link":"https:\/\/www.veleriasangiorgio.com\/de\/eine-durch-und-durch-italienische-erzaehlung\/","title":{"rendered":"Eine Durch Und Durch Italienische Erz\u00e4hlung"},"content":{"rendered":"<div class=\"uk-section-default uk-section uk-padding uk-section-muted uk-padding-remove-bottom\">\r\n    <div class=\"uk-container cm-remove-padding-mobile\">\r\n        <div class=\"uk-grid-margin uk-grid-large\" uk-grid>\r\n            <div class=\"uk-width-1-2@m uk-width-49 uk-grid-item-match\">\r\n                <div>\r\n                    <hr class=\"uk-divider-small\">\r\n                    <h2 class=\"uk-text-uppercase\">Eine Durch Und Durch Italienische Erz\u00e4hlung<\/h2>\r\n                    <p><p>Von den Segeln der Amerigo Vespucci bis zur Bekleidung der Besatzungen der modernsten Yachten der America&#8217;s Cup-Klasse: Dies ist kurz gesagt die Geschichte eines Unternehmens, das in Genua 1926 mit dem \u00fcberlieferten Wissen eines Segelmachermeisters gegr\u00fcndet wurde.<\/p>\n<p>Heute, nach langj\u00e4hriger Gesch\u00e4ftst\u00e4tigkeit und zahlreichen Umstrukturierungen, ist Veleria San Giorgio das bekannteste italienische Unternehmen auf dem Gebiet der Entwicklung und Herstellung von Rettungswesten.<\/p>\n<p>Mit seiner Erfahrung hat Veleria San Giorgio die Geschichte der italienischen Schifffahrt mitgestaltet, sich mit den verschiedenen Phasen eines sich st\u00e4ndig weiterentwickelnden Marktes weiterentwickelt und seinen Kunden stets Innovation und Qualit\u00e4t geboten. Jahrzehntelang haben sich Hunderte von Kreuzfahrtschiffen und Tausende von Freizeitschiffen f\u00fcr Veleria San Giorgio entschieden.<\/p>\n<p>Zu den wichtigsten Projekten im Sportbereich geh\u00f6ren die Zusammenarbeit mit den Crews des America&#8217;s Cup und die exklusive Partnerschaft mit dem italienischen Segelverband FIV als offizieller Lieferant von Sicherheitsausr\u00fcstung f\u00fcr die olympische Segelmannschaft.<\/p>\n<\/p>\r\n                    \r\n                <\/div>\r\n            <\/div>\r\n\r\n            <div class=\"uk-width-1-2@m uk-width-51 uk-grid-item-match\">\r\n                <div>\r\n\r\n                    <video controls poster=\"https:\/\/www.veleriasangiorgio.com\/wp-content\/uploads\/2022\/03\/anteprima-video.png\">\r\n                        <source \r\n                            src=\"https:\/\/www.veleriasangiorgio.com\/wp-content\/uploads\/2022\/03\/VSG_HD_cut_SUB.mp4\"\r\n                            type=\"video\/mp4\">\r\n                    <\/video>\r\n\r\n                <\/div>\r\n            <\/div>\r\n            \r\n        <\/div>\r\n    <\/div>\r\n<\/div>\n\n\n\n","protected":false},"excerpt":{"rendered":"","protected":false},"author":1,"featured_media":0,"parent":0,"menu_order":0,"comment_status":"closed","ping_status":"closed","template":"template-senza-contenitore-2.php","meta":{"_acf_changed":false,"footnotes":""},"class_list":["post-3969","page","type-page","status-publish","hentry"],"acf":[],"_links":{"self":[{"href":"https:\/\/www.veleriasangiorgio.com\/de\/wp-json\/wp\/v2\/pages\/3969","targetHints":{"allow":["GET"]}}],"collection":[{"href":"https:\/\/www.veleriasangiorgio.com\/de\/wp-json\/wp\/v2\/pages"}],"about":[{"href":"https:\/\/www.veleriasangiorgio.com\/de\/wp-json\/wp\/v2\/types\/page"}],"author":[{"embeddable":true,"href":"https:\/\/www.veleriasangiorgio.com\/de\/wp-json\/wp\/v2\/users\/1"}],"replies":[{"embeddable":true,"href":"https:\/\/www.veleriasangiorgio.com\/de\/wp-json\/wp\/v2\/comments?post=3969"}],"version-history":[{"count":0,"href":"https:\/\/www.veleriasangiorgio.com\/de\/wp-json\/wp\/v2\/pages\/3969\/revisions"}],"wp:attachment":[{"href":"https:\/\/www.veleriasangiorgio.com\/de\/wp-json\/wp\/v2\/media?parent=3969"}],"curies":[{"name":"wp","href":"https:\/\/api.w.org\/{rel}","templated":true}]}}