{"id":12658,"date":"2025-05-06T18:00:18","date_gmt":"2025-05-06T16:00:18","guid":{"rendered":"https:\/\/www.veleriasangiorgio.com\/prodotto\/10818-plb3-ais\/"},"modified":"2026-01-19T14:20:23","modified_gmt":"2026-01-19T13:20:23","slug":"10818-plb3-ais","status":"publish","type":"product","link":"https:\/\/www.veleriasangiorgio.com\/de\/prodotto\/10818-plb3-ais\/","title":{"rendered":"PLB3 AIS"},"content":{"rendered":"<p><strong>PLB3: Personal Locator Beacon con connettivit\u00e0 mobile AIS, RLS e NFC<\/strong><\/p>\n<p>* Servizio di collegamento di ritorno (compatibile con RLS)<\/p>\n<p>* Segnali a 406 MHz e 121,5 MHz<\/p>\n<p>* Avviso AIS integrato<\/p>\n<p>* Luce visibile e stroboscopio IR<\/p>\n<p>* GNSS multiplo<\/p>\n<p>* Semplice integrazione Nel giubbotto di salvataggio<\/p>\n<p>Con l&#8217;introduzione della funzionalit\u00e0 AIS (Automatic Identification System), della tecnologia RLS (Return Link Service) e delle funzionalit\u00e0 NFC (Near Field Communication) in un Personal Locator Beacon (PLB) a 406 MHz, rescueME PLB3 rappresenta un significativo passo avanti nell&#8217;evoluzione dei PLB. L&#8217;unione del messaggio di soccorso a 406 MHz e del sistema AIS abbina efficacemente sia il soccorso globale che quello locale, massimizzando cos\u00ec l&#8217;accesso alle risorse di soccorso pi\u00f9 efficaci disponibili. Inoltre, la funzionalit\u00e0 NFC offre agli utenti il primo PLB connesso a smartphone al mondo e la nuovissima funzione Return Link Service offre agli utenti la comodit\u00e0 di sapere che il loro messaggio di soccorso \u00e8 stato ricevuto e che la loro posizione \u00e8 stata rilevata dal personale di ricerca e soccorso di tutto il mondo. In qualit\u00e0 di innovatore leader nei prodotti salvavita sia per uso professionale che ricreativo, Ocean Signal \u00e8 orgogliosa di offrire il PLB3. Essendo il PRIMO Personal Locator Beacon al mondo a includere l&#8217;AIS e il PRIMO PLB al mondo a includere l&#8217;NFC, non c&#8217;\u00e8 bisogno di giustificare il motivo per cui il PLB3 dovrebbe essere la tua PRIMA scelta.<\/p>\n<p>* Non \u00e8 richiesto alcun abbonamento<br \/>\n* Segnale di soccorso Cospas Sarsat a 406 MHz (compatibile con MEOSAR)<br \/>\n* Segnale di homing locale a 121,5 MHz<br \/>\n* Segnale di localizzazione AIS (sistema di identificazione automatica)<br \/>\n* Connettivit\u00e0 smartphone tramite NFC (Near Field Communication)<br \/>\n* App mobile gratuita Ocean Signal Beacon (IOS e Android)<br \/>\n* Funzionalit\u00e0 Return Link Service (RLS)<br \/>\n* GNSS tramite GPS e satelliti Galileo<br \/>\n* Luce stroboscopica e stroboscopica a infrarossi<br \/>\n* Copertura globale<br \/>\n* Semplice attacco PFD<br \/>\n* Progettato per integrarsi con i giubbotti di salvataggio gonfiabili<br \/>\n* Sistema di clip multifunzione incluso<br \/>\n* Piccolo e leggero<br \/>\n* Durata della batteria di 5 anni<br \/>\n* Oltre 24 ore di vita operativa<\/p>\n<p><font color=\"red\"><strong>PLB3 AIS \u00e8 disponibile per la vendita solo se integrato nei nostri giubbotti di salvataggio.<\/strong><\/p>\n","protected":false},"excerpt":{"rendered":"<p>AIS PLB3 &#8211; SEGNALATORE DI LOCALIZZAZIONE PERSONALE \u20ac\/\u00a3<\/p>\n","protected":false},"featured_media":10379,"template":"","meta":{"_acf_changed":false},"product_brand":[],"product_cat":[41],"product_tag":[],"class_list":{"0":"post-12658","1":"product","2":"type-product","3":"status-publish","4":"has-post-thumbnail","6":"product_cat-dotazioni-di-sicurezza","8":"first","9":"instock","10":"taxable","11":"shipping-taxable","12":"product-type-simple"},"acf":[],"_links":{"self":[{"href":"https:\/\/www.veleriasangiorgio.com\/de\/wp-json\/wp\/v2\/product\/12658","targetHints":{"allow":["GET"]}}],"collection":[{"href":"https:\/\/www.veleriasangiorgio.com\/de\/wp-json\/wp\/v2\/product"}],"about":[{"href":"https:\/\/www.veleriasangiorgio.com\/de\/wp-json\/wp\/v2\/types\/product"}],"wp:featuredmedia":[{"embeddable":true,"href":"https:\/\/www.veleriasangiorgio.com\/de\/wp-json\/wp\/v2\/media\/10379"}],"wp:attachment":[{"href":"https:\/\/www.veleriasangiorgio.com\/de\/wp-json\/wp\/v2\/media?parent=12658"}],"wp:term":[{"taxonomy":"product_brand","embeddable":true,"href":"https:\/\/www.veleriasangiorgio.com\/de\/wp-json\/wp\/v2\/product_brand?post=12658"},{"taxonomy":"product_cat","embeddable":true,"href":"https:\/\/www.veleriasangiorgio.com\/de\/wp-json\/wp\/v2\/product_cat?post=12658"},{"taxonomy":"product_tag","embeddable":true,"href":"https:\/\/www.veleriasangiorgio.com\/de\/wp-json\/wp\/v2\/product_tag?post=12658"}],"curies":[{"name":"wp","href":"https:\/\/api.w.org\/{rel}","templated":true}]}}