{"id":2405,"date":"2022-08-30T17:05:13","date_gmt":"2022-08-30T15:05:13","guid":{"rendered":"https:\/\/vsg.yourconsulting.best\/prodotti\/10415-spinnaker-baby\/"},"modified":"2026-01-23T09:39:30","modified_gmt":"2026-01-23T08:39:30","slug":"10415-spinnaker-baby-safe-4-0","status":"publish","type":"product","link":"https:\/\/www.veleriasangiorgio.com\/de\/prodotto\/10415-spinnaker-baby-safe-4-0\/","title":{"rendered":"SPINNAKER BABY &#8211; SAFE 4.0"},"content":{"rendered":"<p>Design ergonomico, leggero, facile da indossare e confortevole in ogni situazione La prima volta di un giubbotto di salvataggio gonfiabile in neoprene. Questo materiale protegge la camera gonfiabile e il suo attivatore dagli sbalzi d\u00ec temperatura ed \u00e8 inerte a molti agenti chimici ed olii, elastico e particolarmente resistente allo schiacciamento. La Particolare forma a V molto aperta del davanti e la profonda scollatura posteriore rende il SAFE 4.0 molto confortevole da indossare anche su indumenti ingombranti La rete imbottita a contatto con il corpo lo rende sempre molto confortevole. Chiusura della custodia tramite le esclusive cerniere semistagne a scorrimento protetto, che si aprono istantaneamente al gonfiaggio, tramite il sistema Burst. Completo di sottogamba. SAFE 4.0, \u00e8 fra i prodotti pi\u00f9 leggeri della sua categoria, (inferiore a 1 Kg). Molta attenzione \u00e8 stata riposta nella progettazione dell\u2019 imbragatura integrata certificata ISO e nel suo sistema di chiusura tramite fibbia. Camera da 100 N di galleggiabilit\u00e0 prodotta con sistema di saldatura ad alta frequenza controllato elettronicamente e tessuto ad alta visibilit\u00e0. SAFE 4.0  JUNIOR \u00e8 compatibile con tutti i principali sistemi di attivazione automatici\/manuali presenti sul mercato. Bomboletta di CO2 da 24 gr. dotata del nuovo sistema di bloccaggio anti svitamento.La particolare posizione dell\u2019attivatore, molto alta e inclinata, lo fa ritenere il prodotto con la migliore vestibilit\u00e0.<\/p>\n","protected":false},"excerpt":{"rendered":"<p>GIUBBOTTO DI SALVATAGGIO GONFIABILE &#8211; ISO &#8211; SPINNAKER BABY &#8211; 100N &#8211; AUTO &#8211; HX<\/p>\n","protected":false},"featured_media":12728,"template":"","meta":{"_acf_changed":false},"product_brand":[],"product_cat":[39],"product_tag":[],"class_list":{"0":"post-2405","1":"product","2":"type-product","3":"status-publish","4":"has-post-thumbnail","6":"product_cat-giubbotti-di-salvataggio","8":"first","9":"instock","10":"taxable","11":"shipping-taxable","12":"product-type-simple"},"acf":[],"_links":{"self":[{"href":"https:\/\/www.veleriasangiorgio.com\/de\/wp-json\/wp\/v2\/product\/2405","targetHints":{"allow":["GET"]}}],"collection":[{"href":"https:\/\/www.veleriasangiorgio.com\/de\/wp-json\/wp\/v2\/product"}],"about":[{"href":"https:\/\/www.veleriasangiorgio.com\/de\/wp-json\/wp\/v2\/types\/product"}],"wp:featuredmedia":[{"embeddable":true,"href":"https:\/\/www.veleriasangiorgio.com\/de\/wp-json\/wp\/v2\/media\/12728"}],"wp:attachment":[{"href":"https:\/\/www.veleriasangiorgio.com\/de\/wp-json\/wp\/v2\/media?parent=2405"}],"wp:term":[{"taxonomy":"product_brand","embeddable":true,"href":"https:\/\/www.veleriasangiorgio.com\/de\/wp-json\/wp\/v2\/product_brand?post=2405"},{"taxonomy":"product_cat","embeddable":true,"href":"https:\/\/www.veleriasangiorgio.com\/de\/wp-json\/wp\/v2\/product_cat?post=2405"},{"taxonomy":"product_tag","embeddable":true,"href":"https:\/\/www.veleriasangiorgio.com\/de\/wp-json\/wp\/v2\/product_tag?post=2405"}],"curies":[{"name":"wp","href":"https:\/\/api.w.org\/{rel}","templated":true}]}}