{"id":14189,"date":"2025-12-17T16:13:19","date_gmt":"2025-12-17T15:13:19","guid":{"rendered":"https:\/\/www.veleriasangiorgio.com\/prodotto\/5862-revisione-giubbotti-gonfiabili-iso-12402-2\/"},"modified":"2026-03-16T13:52:09","modified_gmt":"2026-03-16T12:52:09","slug":"5862-revisione-giubbotti-gonfiabili-iso-12402","status":"publish","type":"product","link":"https:\/\/www.veleriasangiorgio.com\/en\/products\/5862-revisione-giubbotti-gonfiabili-iso-12402\/","title":{"rendered":"REVISIONE GIUBBOTTI GONFIABILI ISO 12402"},"content":{"rendered":"<p><strong>REVISIONE ORDINARIA\/STRAORDINARIA PER I GIUBBOTTI DI SALVATAGGIO AUTOGONFIABILI ISO 12402 &#8211; tutte le classi di galleggiabilit\u00e0<\/strong><br \/>\nI Giubbotti di Salvataggio sono dei DPI (Dispositivi di Protezione Individuale) di 3a categoria, cosiddetti <strong>SALVAVITA<\/strong><br \/>\nUna volta acquistati sar\u00e0 cura e responsabilit\u00e0 dell&#8217;utente far si che siano sempre in un perfetto stato di conservazione.<br \/> <br \/>\nLa loro durata \u00e8 limitata dalla degradazione dei materiali che li compongono ed \u00e8 variabile in funzione della loro tipologia e dalle situazioni di impiego.<br \/> <br \/>\nLa responsabilit\u00e0 sul corretto funzionamento dei Giubbotti di Salvataggio, per ragioni legali e per tutte le normative sulla salute e sicurezza, resta in capo allo stesso produttore SOLO nel rispetto dei limiti dallo stesso indicati.<\/p>\n<p><strong>Ricorda di revisionare il tuo giubbotto di salvataggio!<\/strong><br \/>\nLa manutenzione dei giubbotti di salvataggio \u00e8 fondamentale per assicurarne l\u2019efficacia, prolungarne la durata e garantirne la sicurezza. Non correre rischi e fai controllare il tuo giubbotto di salvataggio.<br \/>Veleria San Giorgio ti propone il servizio di revisione online del tuo giubbotto di salvataggio, puoi acquistarlo comodamente da casa.<\/p>\n<p><strong>Acquista ora la revisione del tuo giubbotto di salvataggio autogonfiabile.<\/strong><br \/>\n. La durata di questi dispositivi \u00e8 di <strong>10 anni<\/strong> dalla data di produzione<br \/>\n. Raggiunti i dieci anni, \u00e8 importante che i giubbotti di salvataggio vengano rimossi dal servizio, per motivi di sicurezza causati dalla possibilit\u00e0 di delaminazione dei tessuti e dalla perdita di pressione delle camere d&#8217;aria, che pu\u00f2 comportare una riduzione di galleggiabilit\u00e0. Specifiche condizioni ambientali possono avere un ruolo nella degradazione dei componenti del prodotto, come il meccanismo di gonfiaggio, ecc.<br \/>\n. La data di produzione e il numero di produzione, che individua il prodotto in maniera univoca, sono stampigliati su apposita etichetta cucita sul prodotto stesso<br \/>\n. Un giubbotto di Salvataggio Gonfiabile, per mantenere inalterate le sue caratteristiche di sicurezza durante i 10 anni di vita previsti, dovr\u00e0 essere revisionato con un intervallo di tempo <strong>non superiore a 2 anni<\/strong><br \/> <br \/>\n. Tutti i prodotti realizzati da Veleria San Giorgio hanno evidenziata la data di prossima revisione tramite un <strong>datario ad orologio<\/strong> posto sul nastro vita<br \/> <br \/>\n. La revisione deve essere eseguita da Veleria San Giorgio o da una stazione di assistenza autorizzata dalla stessa e sar\u00e0 evidenziata dall&#8217;apposizione di un nuovo adesivo di intervallo di revisione sull&#8217;apposito datario<br \/>\n. Nel caso in cui questi prodotti vengano utilizzati per uso commerciale e industriale potrebbero richiedere una manutenzione pi\u00f9 frequente, concordata in anticipo a seconda dell&#8217;uso<br \/>\n. Trascorsi i 10 anni di vita dalla data di produzione, Veleria San Giorgio, anche tramite le sue stazioni di revisione, potr\u00e0 valutare, a suo insindacabile giudizio, se rinnovare il dispositivo <strong>di anno in anno<\/strong><\/p>\n<p><strong>Cosa prevede la Revisione standard di un giubbotto di salvataggio:<\/strong><br \/>\n\u2022\tSostituzione della pastiglia idrosolubile<br \/>\n\u2022\tVerifica generale del giubbotto<br \/>\n\u2022\tSostituzione di tutte le guarnizioni<br \/>\n\u2022\tVerifica di funzionamento dell\u2019attivatore<br \/>\n\u2022\tVerifica di tenuta della camera di galleggiamento<\/p>\n<p><strong>Ecco come funziona:<\/strong><br \/>\n1. Acquista la tua revisione sul sito<br \/>\n2. Richiedi il ritiro oppure spedisci il giubbotto di salvataggio a Veleria San Giorgio<br \/>\n3. Effettueremo la revisione<br \/>\n4. Dopo la revisione, ti rispediremo il giubbotto<\/p>\n<p>L&#8217;attivatore <strong>HAMMAR<\/strong> prevede la sostituzione completa ogni 5 ANNI e ad ogni attivazione<\/p>\n<p>Se durante l&#8217;ispezione dovesse risultare necessario sostituire un componente, sarai contattato e ti sar\u00e0 addebitato il solo costo del pezzo di ricambio<\/p>\n","protected":false},"excerpt":{"rendered":"<p>REVISIONE ORDINARIA GIUBBOTTI DI SALVATAGGIO GONFIABILI ISO 12402<\/p>\n","protected":false},"featured_media":11738,"template":"","meta":{"_acf_changed":false},"product_brand":[],"product_cat":[39,310],"product_tag":[],"class_list":{"0":"post-14189","1":"product","2":"type-product","3":"status-publish","4":"has-post-thumbnail","6":"product_cat-giubbotti-di-salvataggio","7":"product_cat-life-jackets","9":"first","10":"instock","11":"taxable","12":"shipping-taxable","13":"purchasable","14":"product-type-variable"},"acf":[],"_links":{"self":[{"href":"https:\/\/www.veleriasangiorgio.com\/en\/wp-json\/wp\/v2\/product\/14189","targetHints":{"allow":["GET"]}}],"collection":[{"href":"https:\/\/www.veleriasangiorgio.com\/en\/wp-json\/wp\/v2\/product"}],"about":[{"href":"https:\/\/www.veleriasangiorgio.com\/en\/wp-json\/wp\/v2\/types\/product"}],"wp:featuredmedia":[{"embeddable":true,"href":"https:\/\/www.veleriasangiorgio.com\/en\/wp-json\/wp\/v2\/media\/11738"}],"wp:attachment":[{"href":"https:\/\/www.veleriasangiorgio.com\/en\/wp-json\/wp\/v2\/media?parent=14189"}],"wp:term":[{"taxonomy":"product_brand","embeddable":true,"href":"https:\/\/www.veleriasangiorgio.com\/en\/wp-json\/wp\/v2\/product_brand?post=14189"},{"taxonomy":"product_cat","embeddable":true,"href":"https:\/\/www.veleriasangiorgio.com\/en\/wp-json\/wp\/v2\/product_cat?post=14189"},{"taxonomy":"product_tag","embeddable":true,"href":"https:\/\/www.veleriasangiorgio.com\/en\/wp-json\/wp\/v2\/product_tag?post=14189"}],"curies":[{"name":"wp","href":"https:\/\/api.w.org\/{rel}","templated":true}]}}