{"id":3887,"date":"2022-09-21T17:42:59","date_gmt":"2022-09-21T15:42:59","guid":{"rendered":"https:\/\/vsg.yourconsulting.best\/?page_id=3887"},"modified":"2022-09-21T17:50:17","modified_gmt":"2022-09-21T15:50:17","slug":"une-histoire-entierement-italienne","status":"publish","type":"page","link":"https:\/\/www.veleriasangiorgio.com\/fr\/une-histoire-entierement-italienne\/","title":{"rendered":"Une Histoire Enti\u00e8rement Italienne"},"content":{"rendered":"<div class=\"uk-section-default uk-section uk-padding uk-section-muted uk-padding-remove-bottom\">\r\n    <div class=\"uk-container cm-remove-padding-mobile\">\r\n        <div class=\"uk-grid-margin uk-grid-large\" uk-grid>\r\n            <div class=\"uk-width-1-2@m uk-width-49 uk-grid-item-match\">\r\n                <div>\r\n                    <hr class=\"uk-divider-small\">\r\n                    <h2 class=\"uk-text-uppercase\">Une Histoire Enti\u00e8rement Italienne<\/h2>\r\n                    <p><p>Des voiles de l&#8217;Amerigo Vespucci aux v\u00eatements des \u00e9quipages des bateaux les plus modernes de la Classe America&#8217;s Cup : voici en bref l&#8217;histoire d&#8217;une entreprise fond\u00e9e \u00e0 G\u00eanes en 1926 gr\u00e2ce au savoir-faire ancestral transmis par un capitaine de voilier.<br \/>\nAujourd&#8217;hui, apr\u00e8s de nombreuses ann\u00e9es d&#8217;activit\u00e9 et diverses transformations, Veleria San Giorgio est l&#8217;entreprise italienne la plus connue dans le domaine de la conception et de la production de gilets de sauvetage.<br \/>\nGr\u00e2ce \u00e0 son exp\u00e9rience, Veleria San Giorgio a marqu\u00e9 l&#8217;histoire de la navigation italienne, en exp\u00e9rimentant, en tant que protagoniste, les diff\u00e9rentes \u00e9tapes d&#8217;un march\u00e9 en constante \u00e9volution et en garantissant toujours innovation et qualit\u00e9 \u00e0 ses clients. D\u00e9cennie apr\u00e8s d\u00e9cennie, des centaines de navires de croisi\u00e8re et des milliers de bateaux de plaisance, qui naviguent sur les mers du monde entier, ont choisi les produits sign\u00e9s Veleria San Giorgio.<br \/>\nDe plus, parmi les exp\u00e9riences les plus significatives dans le domaine sportif, nous trouvons celles avec les \u00e9quipages de l\u2019America&#8217;s Cup et la collaboration exclusive avec la FIV, F\u00e9d\u00e9ration Italienne de Voile, en tant que fournisseur officiel du mat\u00e9riel de s\u00e9curit\u00e9 pour l&#8217;\u00e9quipe olympique de voile.<\/p>\n<\/p>\r\n                    \r\n                <\/div>\r\n            <\/div>\r\n\r\n            <div class=\"uk-width-1-2@m uk-width-51 uk-grid-item-match\">\r\n                <div>\r\n\r\n                    <video controls poster=\"https:\/\/www.veleriasangiorgio.com\/wp-content\/uploads\/2022\/03\/anteprima-video.png\">\r\n                        <source \r\n                            src=\"https:\/\/www.veleriasangiorgio.com\/wp-content\/uploads\/2022\/03\/VSG_HD_cut_SUB.mp4\"\r\n                            type=\"video\/mp4\">\r\n                    <\/video>\r\n\r\n                <\/div>\r\n            <\/div>\r\n            \r\n        <\/div>\r\n    <\/div>\r\n<\/div>\n\n\n\n","protected":false},"excerpt":{"rendered":"","protected":false},"author":1,"featured_media":0,"parent":0,"menu_order":0,"comment_status":"closed","ping_status":"closed","template":"template-senza-contenitore-2.php","meta":{"_acf_changed":false,"footnotes":""},"class_list":["post-3887","page","type-page","status-publish","hentry"],"acf":[],"_links":{"self":[{"href":"https:\/\/www.veleriasangiorgio.com\/fr\/wp-json\/wp\/v2\/pages\/3887","targetHints":{"allow":["GET"]}}],"collection":[{"href":"https:\/\/www.veleriasangiorgio.com\/fr\/wp-json\/wp\/v2\/pages"}],"about":[{"href":"https:\/\/www.veleriasangiorgio.com\/fr\/wp-json\/wp\/v2\/types\/page"}],"author":[{"embeddable":true,"href":"https:\/\/www.veleriasangiorgio.com\/fr\/wp-json\/wp\/v2\/users\/1"}],"replies":[{"embeddable":true,"href":"https:\/\/www.veleriasangiorgio.com\/fr\/wp-json\/wp\/v2\/comments?post=3887"}],"version-history":[{"count":0,"href":"https:\/\/www.veleriasangiorgio.com\/fr\/wp-json\/wp\/v2\/pages\/3887\/revisions"}],"wp:attachment":[{"href":"https:\/\/www.veleriasangiorgio.com\/fr\/wp-json\/wp\/v2\/media?parent=3887"}],"curies":[{"name":"wp","href":"https:\/\/api.w.org\/{rel}","templated":true}]}}