{"id":13139,"date":"2025-08-07T18:00:12","date_gmt":"2025-08-07T16:00:12","guid":{"rendered":"https:\/\/www.veleriasangiorgio.com\/prodotto\/11024-w480-mob-aisdsc\/"},"modified":"2026-01-19T14:25:07","modified_gmt":"2026-01-19T13:25:07","slug":"11024-w480-mob-aisdsc","status":"publish","type":"product","link":"https:\/\/www.veleriasangiorgio.com\/fr\/prodotto\/11024-w480-mob-aisdsc\/","title":{"rendered":"W480 MOB AIS+DSC"},"content":{"rendered":"<p>Il nuovo <strong>W480 <\/strong>\u00e8 un dispositivo di localizzazione compatto per la ricerca e il soccorso, progettato per la sicurezza personale dei membri dell&#8217;equipaggio o dei professionisti che lavorano in mare.<br \/>\nUtilizzando la clip in dotazione, pu\u00f2 essere montato su giubbotti di salvataggio autogonfiabili e anche fissato direttamente al tubo di gonfiaggio orale. <br \/>\nIn caso di caduta in mare, il <strong>W480<\/strong> inizier\u00e0 a funzionare automaticamente grazie ai sensori situati sul retro del dispositivo e trasmetter\u00e0 un segnale radio che potr\u00e0 essere utilizzato per localizzare il naufrago. <\/p>\n<p>II <strong>W480<\/strong> \u00e8 dotato di una manopola di attivazione\/disattivazione e di un blocco di sicurezza per evitare che il dispositivo venga attivato accidentalmente. <br \/>Il dispositivo \u00e8 inoltre dotato di un segnale luminoso ad alte prestazioni (LED) per facilitare la localizzazione del naufrago in condizioni di scarsa visibilit\u00e0, nonch\u00e9 di un grande pulsante di prova o di attivazione manuale. <br \/>\nPer garantire il corretto funzionamento del dispositivo e per controllare il livello della batteria, l&#8217;utente deve assicurarsi che la manopola di attivazione sia in posizione OFF prima di premere il pulsante di prova. <br \/>\nIn mare aperto e con la manopola di attivazione in posizione ARMED, l&#8217;utente pu\u00f2 premere il pulsante per inviare il segnale di allarme in modo manuale. <br \/>\n<strong>W480<\/strong> emette simultaneamente una serie di segnali SAR tra cui un messaggio AIS [AIS MOB sui canali AlS 1 e 2) e un messaggio DSC [Ch 70]. <strong>MOB Radio Beacon AMRD Type A Class M<\/strong> (open\/cole loop). <br \/>\nL&#8217;emissione di diversi segnali aumenta le possibilit\u00e0 che le persone in difficolt\u00e0 vengano localizzate dalle unit\u00e0 di soccorso SAR che ricevono i segnali. <br \/> Un sofisticato ricevitore GPS integrato fornisce la posizione del membro dell&#8217;equipaggio. Le batterie in dotazione al dispositivo (tre batterie LiMn02 da 3 volt) hanno una durata garantita di 5 anni (in normali condizioni meteorologiche) e possono essere sostituite direttamente dall&#8217;utente. <br \/>\nIl <strong>W480<\/strong> \u00e8 un dispositivo estremamente facile da usare e grazie al design ergonomico e alla forma dei suoi comandi, pu\u00f2 essere facilmente attivato, anche se l&#8217;utente indossa guanti e\/o indumenti protettivi, come ad esempio sulla piattaforma offshore. <br \/>\nIl <strong>W480<\/strong> \u00e8 disponibile anche in versione ATEX [W480 EX). <\/p>\n<p><strong>CARATTERISTICHE TECNICHE<\/strong><\/p>\n<p>o Canali in uso: AlS Ch. AlS 1 e 2, DSC Ch. Z0<br \/>\no Potenza RF: +33 dBm EIRP tip., minimo +30 dBm EIRP<br \/>\no Messaggio: AIS MOB (messaggio 1 e 14, EN303098] <br \/>\no DSC MOB [Close and Open loop, EN 300 338-6<br \/>\no Antenna: stilo flessibile, protetto con tubo in pvc. <br \/>\no Segnalazione luminosa: 1 diodo LED luce bianca ad alte prestazioni, flash da 25 mS ripetuto 15 volte\/minuto. <br \/>\no Livello di luce: &gt; 0,8 CD perpendicolare. <br \/>\no Temperatura di lavoro: da -20 C a + TSC. <br \/>\no Temperatura di stoccaggio: da -30 C a +A) C. <br \/>\no Attivazione: manuale a due stadi\/parzialmente automatica. <br \/>\no Alimentazione: 3  LiMn02 primarie, 2\/3AA (CR123), non pericolose. <br \/>\no Sostituzione della batteria (se non utilizzata):5 marce dalla data del produttore. <br \/>\no Funzionamento e controlli: armato, attivazione manuale, parzialmente automatico, funzione TEST. <br \/>\no Durata di funzionamento: minimo 12 ore a &#8211; 200 *<br \/>\no Dimensioni: 125 x 65 x 25 mm (Lx Px A) [antenna esclusa].<br \/>\no Peso: 140 gr. <br \/>\no Fissaggio con flangia posteriore stringer o clip di montaggio boccaglio tubo di gonfiaggio orale del giubbotto. <br \/>\no Norme europee: Direttiva: 2014\/53\/UE (RED). <br \/>\no Garanzia 2 anni. <br \/>\no Disponibile anche in versione ATEX (W480EX], ATEX II 3G IIC T6. <\/p>\n<p>* in condizioni climatiche standard (20\u00b0 \u00b1 5\u00ba, &lt;= 60 %ur), compresi i cicli di prova ma senza alcuna attivazione.<\/p>\n","protected":false},"excerpt":{"rendered":"<p>W480 WAMBLEE &#8211; SEGNALATORE DI LOCALIZZAZIONE PERSONALE<\/p>\n","protected":false},"featured_media":11290,"template":"","meta":{"_acf_changed":false},"product_brand":[],"product_cat":[41],"product_tag":[],"class_list":{"0":"post-13139","1":"product","2":"type-product","3":"status-publish","4":"has-post-thumbnail","6":"product_cat-dotazioni-di-sicurezza","8":"first","9":"instock","10":"taxable","11":"shipping-taxable","12":"product-type-simple"},"acf":[],"_links":{"self":[{"href":"https:\/\/www.veleriasangiorgio.com\/fr\/wp-json\/wp\/v2\/product\/13139","targetHints":{"allow":["GET"]}}],"collection":[{"href":"https:\/\/www.veleriasangiorgio.com\/fr\/wp-json\/wp\/v2\/product"}],"about":[{"href":"https:\/\/www.veleriasangiorgio.com\/fr\/wp-json\/wp\/v2\/types\/product"}],"wp:featuredmedia":[{"embeddable":true,"href":"https:\/\/www.veleriasangiorgio.com\/fr\/wp-json\/wp\/v2\/media\/11290"}],"wp:attachment":[{"href":"https:\/\/www.veleriasangiorgio.com\/fr\/wp-json\/wp\/v2\/media?parent=13139"}],"wp:term":[{"taxonomy":"product_brand","embeddable":true,"href":"https:\/\/www.veleriasangiorgio.com\/fr\/wp-json\/wp\/v2\/product_brand?post=13139"},{"taxonomy":"product_cat","embeddable":true,"href":"https:\/\/www.veleriasangiorgio.com\/fr\/wp-json\/wp\/v2\/product_cat?post=13139"},{"taxonomy":"product_tag","embeddable":true,"href":"https:\/\/www.veleriasangiorgio.com\/fr\/wp-json\/wp\/v2\/product_tag?post=13139"}],"curies":[{"name":"wp","href":"https:\/\/api.w.org\/{rel}","templated":true}]}}