{"id":13406,"date":"2025-10-17T10:52:07","date_gmt":"2025-10-17T08:52:07","guid":{"rendered":"https:\/\/www.veleriasangiorgio.com\/prodotto\/11127\/"},"modified":"2026-03-31T11:13:33","modified_gmt":"2026-03-31T09:13:33","slug":"11127-safety-bag","status":"publish","type":"product","link":"https:\/\/www.veleriasangiorgio.com\/fr\/prodotto\/11127-safety-bag\/","title":{"rendered":"SAFETY BAG"},"content":{"rendered":"<p><strong>SAFETY BAG<\/strong><br \/>\nLA BORSA GONFIABILE STAGNA E GALLEGGIANTE<br \/> <br \/>\n\u00e8 una borsa a tracolla stagna e galleggiante ad alta resistenza, progettata per offrire la massima<br \/>\nprotezione in ambienti estremi e condizioni avverse.<br \/> Realizzata con materiali robusti e durevoli, \u00e8 dotata di una<br \/>\nspeciale chiusura a zip ermetica che garantisce una barriera che mantiene il contenuto al sicuro.<br \/>\nGrazie alla presenza di un tubo orale integrato, la SAFETY BAG VSG pu\u00f2 essere utilizzata, all\u2019occorrenza, anche<br \/>\ncome contenitore sottovuoto: una soluzione innovativa per comprimere e proteggere indumenti o altri oggetti<br \/>\nsensibili all\u2019umidit\u00e0.<br \/> <br \/>\nLa tracolla regolabile la rende comoda da trasportare, mentre la sua versatilit\u00e0 la rende perfetta per un\u2019ampia gamma<br \/>\ndi attivit\u00e0 outdoor, tra cui nautica, kayak, trekking, campeggio e viaggi d\u2019avventura. Pu\u00f2 restare in superficie o essere immersa completamente, a seconda delle necessit\u00e0, ed \u00e8 impermeabile.<\/p>\n<p><strong>Caratteristiche:<\/strong><\/p>\n<p>&#8211; Cerniera facile da aprire e di facile impugnatura<br \/>\n&#8211; Maniglia semplice e pratica con due anelli fissi, che possono aiutare a legare corde o appendere oggetti<br \/>\n&#8211; Ampia finestra trasparente in TPU che mostra gli oggetti contenuti nella tasca interna impermeabile e con chiusura a zip, comoda per riporre telefoni cellulari, effetti personali, ecc. <br \/>\n&#8211; Tracolla morbida e traforata, impermeabile ed ampia, protegge le spalle nude<br \/>\n&#8211; Tessuto a doppio strato di protezione impermeabile<br \/>\n&#8211; Disponibile in colore nero<br \/>\n&#8211; Due taglie disponibili: 20L e 40L<br \/>\n&#8211; Protezione contro acqua, sabbia e polvere<br \/>\n&#8211; Realizzata in TPU facile da pulire e resistente all\u2019usura<br \/>\n&#8211; Galleggiante e stagna \u2013 deve essere chiusa correttamente<br \/> <br \/>\n&#8211; Design compatto e funzionale<br \/>\n&#8211; Ampia apertura per facile accesso<\/p>\n","protected":false},"excerpt":{"rendered":"<p>SAFETY BAG VSG &#8211; BORSA GONFIABILE-STAGNA E GALLEGGIANTE &#8211; 20L<\/p>\n","protected":false},"featured_media":13407,"template":"","meta":{"_acf_changed":false},"product_brand":[],"product_cat":[40],"product_tag":[],"class_list":{"0":"post-13406","1":"product","2":"type-product","3":"status-publish","4":"has-post-thumbnail","6":"product_cat-accessori-e-ricambi","8":"first","9":"instock","10":"taxable","11":"shipping-taxable","12":"purchasable","13":"product-type-variable"},"acf":[],"_links":{"self":[{"href":"https:\/\/www.veleriasangiorgio.com\/fr\/wp-json\/wp\/v2\/product\/13406","targetHints":{"allow":["GET"]}}],"collection":[{"href":"https:\/\/www.veleriasangiorgio.com\/fr\/wp-json\/wp\/v2\/product"}],"about":[{"href":"https:\/\/www.veleriasangiorgio.com\/fr\/wp-json\/wp\/v2\/types\/product"}],"wp:featuredmedia":[{"embeddable":true,"href":"https:\/\/www.veleriasangiorgio.com\/fr\/wp-json\/wp\/v2\/media\/13407"}],"wp:attachment":[{"href":"https:\/\/www.veleriasangiorgio.com\/fr\/wp-json\/wp\/v2\/media?parent=13406"}],"wp:term":[{"taxonomy":"product_brand","embeddable":true,"href":"https:\/\/www.veleriasangiorgio.com\/fr\/wp-json\/wp\/v2\/product_brand?post=13406"},{"taxonomy":"product_cat","embeddable":true,"href":"https:\/\/www.veleriasangiorgio.com\/fr\/wp-json\/wp\/v2\/product_cat?post=13406"},{"taxonomy":"product_tag","embeddable":true,"href":"https:\/\/www.veleriasangiorgio.com\/fr\/wp-json\/wp\/v2\/product_tag?post=13406"}],"curies":[{"name":"wp","href":"https:\/\/api.w.org\/{rel}","templated":true}]}}