{"id":13847,"date":"2025-12-05T11:39:37","date_gmt":"2025-12-05T10:39:37","guid":{"rendered":"https:\/\/www.veleriasangiorgio.com\/prodotto\/11095-ior-life-dan-buoy\/"},"modified":"2026-01-19T14:26:42","modified_gmt":"2026-01-19T13:26:42","slug":"11095-ior-life-dan-buoy","status":"publish","type":"product","link":"https:\/\/www.veleriasangiorgio.com\/fr\/prodotto\/11095-ior-life-dan-buoy\/","title":{"rendered":"IOR LIFE DAN BUOY"},"content":{"rendered":"<p><strong>IOR Life Dan Buoy<\/strong> il tuo compagno di sicurezza in acqua<\/p>\n<p>Scopri il Life Dan Buoy, il dispositivo di galleggiamento essenziale per chi ama navigare in sicurezza.<br \/>\nProgettato per le tue avventure in acqua, questo salvagente \u00e8 ideale per barche a vela, catamarani, imbarcazioni a motore e chiunque desideri una maggiore tranquillit\u00e0 mentre naviga.<br \/>\nIn caso di uomo in mare, \u00e8 sufficiente aprire la sacca morbida agganciata al pulpito e lanciare in acqua il dispositivo, che si gonfier\u00e0 automaticamente al contatto con l&#8217;acqua.<br \/>\nIl naufrago trover\u00e0 un salvagente gi\u00e0 gonfiato, dotato di un&#8217;asta con nastro riflettente, una luce per facilitarne l&#8217;individuazione ed un \u00e0ncora galleggiante con zavorra.<br \/>\nNel kit \u00e8 presente anche un fettuccia con moschettone per facilitare il recupero dell&#8217;uomo in mare.<\/p>\n<p>Realizzato con materiali ad alta visibilit\u00e0 e dotato di luce automatica certificata SOLAS M.E.D. e USCG,  il Life Dan Buoy \u00e8 facilmente visibile anche da lontano, aumentando la sicurezza in caso di emergenze.<\/p>\n<p>La struttura del Life Dan Buoy assicura una galleggiabilit\u00e0 ottimale, permettendo di rimanere a galla senza sforzo e rendendo pi\u00f9 facile il recupero in caso di necessit\u00e0.<\/p>\n<p>Design con sacca morbida, facile da trasportare e da applicare al pulpito dell&#8217;imbarcazione tramite comodi e resistenti agganci con velcro.<\/p>\n<p>Versatilit\u00e0, utilizzabile non solo per il salvataggio, ma anche come segnale di emergenza o strumento di supporto per i nuotatori.<\/p>\n<p>Non lasciare nulla al caso quando si tratta della tua sicurezza in acqua. Scegli IOR Life Dan Buoy e goditi ogni momento.<\/p>\n<p><strong>Caratteristiche principali:<\/strong><br \/>\n&#8211; Nylon TPU 210D<br \/>\n&#8211; Sistema di gonfiaggio automatico CO2 UML\/HR<br \/>\n&#8211; Compatto, facile da usare e molto visibile<br \/>\n&#8211; Ripiegabile in una borsa da trasporto facilmente riponibile nella sua confezione morbida ed impermeabile<br \/>\n&#8211; Moschettone a spirale e gruppo di fettucce attorno all&#8217;utilizzatore, per un ulteriore senso di sicurezza e stabilit\u00e0<br \/>\n&#8211; Luce di emergenza SOLAS<br \/>\n&#8211; Ancora galleggiante<br \/>\n&#8211; Facile manutenzione e assistenza<\/p>\n","protected":false},"excerpt":{"rendered":"<p>IOR LIFE DAN BUOY &#8211; AUTO INFLATION <\/p>\n","protected":false},"featured_media":12035,"template":"","meta":{"_acf_changed":false},"product_brand":[],"product_cat":[41],"product_tag":[],"class_list":{"0":"post-13847","1":"product","2":"type-product","3":"status-publish","4":"has-post-thumbnail","6":"product_cat-dotazioni-di-sicurezza","8":"first","9":"instock","10":"taxable","11":"shipping-taxable","12":"product-type-simple"},"acf":[],"_links":{"self":[{"href":"https:\/\/www.veleriasangiorgio.com\/fr\/wp-json\/wp\/v2\/product\/13847","targetHints":{"allow":["GET"]}}],"collection":[{"href":"https:\/\/www.veleriasangiorgio.com\/fr\/wp-json\/wp\/v2\/product"}],"about":[{"href":"https:\/\/www.veleriasangiorgio.com\/fr\/wp-json\/wp\/v2\/types\/product"}],"wp:featuredmedia":[{"embeddable":true,"href":"https:\/\/www.veleriasangiorgio.com\/fr\/wp-json\/wp\/v2\/media\/12035"}],"wp:attachment":[{"href":"https:\/\/www.veleriasangiorgio.com\/fr\/wp-json\/wp\/v2\/media?parent=13847"}],"wp:term":[{"taxonomy":"product_brand","embeddable":true,"href":"https:\/\/www.veleriasangiorgio.com\/fr\/wp-json\/wp\/v2\/product_brand?post=13847"},{"taxonomy":"product_cat","embeddable":true,"href":"https:\/\/www.veleriasangiorgio.com\/fr\/wp-json\/wp\/v2\/product_cat?post=13847"},{"taxonomy":"product_tag","embeddable":true,"href":"https:\/\/www.veleriasangiorgio.com\/fr\/wp-json\/wp\/v2\/product_tag?post=13847"}],"curies":[{"name":"wp","href":"https:\/\/api.w.org\/{rel}","templated":true}]}}