{"id":13985,"date":"2025-12-15T17:26:19","date_gmt":"2025-12-15T16:26:19","guid":{"rendered":"https:\/\/www.veleriasangiorgio.com\/prodotto\/10605-spinnaker-180-safe-4-0-grey\/"},"modified":"2026-04-15T17:13:05","modified_gmt":"2026-04-15T15:13:05","slug":"10605-spinnaker-180-safe-4-0-grey","status":"publish","type":"product","link":"https:\/\/www.veleriasangiorgio.com\/fr\/prodotto\/10605-spinnaker-180-safe-4-0-grey\/","title":{"rendered":"SPINNAKER 180 &#8211; SAFE 4.0 GREY"},"content":{"rendered":"<p>Design ergonomico, leggero, facile da indossare e confortevole in ogni situazione. La Particolare forma a V molto aperta del davanti e la profonda scollatura posteriore rende il SAFE 4.0 GREY molto confortevole da indossare anche su indumenti ingombranti La rete imbottita a contatto con il corpo lo rende sempre molto confortevole Chiusura della custodia tramite le esclusive cerniere semistagne a scorrimento protetto che si aprono istantaneamente al gonfiaggio, tramite il sistema Burst. Completo di sottogamba. SAFE 4.0 \u00e8 fra i prodotti pi\u00f9 leggeri della sua categoria, (inferiore a 1 Kg). Molta attenzione \u00e8 stata riposta nella progettazione dell\u2019 imbragatura integrata certificata ISO e nel suo sistema di chiusura tramite fibbia. Camera da 180 N di galleggiabilit\u00e0 prodotta con sistema di saldatura ad alta frequenza controllato elettronicamente e tessuto ad alta visibilit\u00e0. SAFE 4.0 \u00e8 compatibile con tutti i principali sistemi di attivazione automatici\/manuali presenti sul mercato. Bomboletta di CO2 da 38 gr. dotata del nuovo sistema di bloccaggio anti svitamento Per la prima volta durante il suo sviluppo sono state tenute in considerazione anche le particolari esigenze di vestibilit\u00e0 femminile. La particolare posizione dell\u2019attivatore, molto alta e inclinata, lo fa ritenere il primo prodotto veramente unisex.<\/br> Nella versione con attivatore idrostatico Hammar \u00e8 installata la cover protettiva in gomma.<\/br><\/p>\n","protected":false},"excerpt":{"rendered":"<p>GIUBBOTTO DI SALVATAGGIO GONFIABILE &#8211; ISO &#8211; SPINNAKER 180 &#8211; 180N &#8211; AUTO &#8211; HX<\/p>\n","protected":false},"featured_media":10257,"template":"","meta":{"_acf_changed":false},"product_brand":[],"product_cat":[39],"product_tag":[],"class_list":{"0":"post-13985","1":"product","2":"type-product","3":"status-publish","4":"has-post-thumbnail","6":"product_cat-giubbotti-di-salvataggio","8":"first","9":"instock","10":"taxable","11":"shipping-taxable","12":"purchasable","13":"product-type-variable"},"acf":[],"_links":{"self":[{"href":"https:\/\/www.veleriasangiorgio.com\/fr\/wp-json\/wp\/v2\/product\/13985","targetHints":{"allow":["GET"]}}],"collection":[{"href":"https:\/\/www.veleriasangiorgio.com\/fr\/wp-json\/wp\/v2\/product"}],"about":[{"href":"https:\/\/www.veleriasangiorgio.com\/fr\/wp-json\/wp\/v2\/types\/product"}],"wp:featuredmedia":[{"embeddable":true,"href":"https:\/\/www.veleriasangiorgio.com\/fr\/wp-json\/wp\/v2\/media\/10257"}],"wp:attachment":[{"href":"https:\/\/www.veleriasangiorgio.com\/fr\/wp-json\/wp\/v2\/media?parent=13985"}],"wp:term":[{"taxonomy":"product_brand","embeddable":true,"href":"https:\/\/www.veleriasangiorgio.com\/fr\/wp-json\/wp\/v2\/product_brand?post=13985"},{"taxonomy":"product_cat","embeddable":true,"href":"https:\/\/www.veleriasangiorgio.com\/fr\/wp-json\/wp\/v2\/product_cat?post=13985"},{"taxonomy":"product_tag","embeddable":true,"href":"https:\/\/www.veleriasangiorgio.com\/fr\/wp-json\/wp\/v2\/product_tag?post=13985"}],"curies":[{"name":"wp","href":"https:\/\/api.w.org\/{rel}","templated":true}]}}